{"id":7107,"date":"2025-04-17T11:03:41","date_gmt":"2025-04-17T11:03:41","guid":{"rendered":"https:\/\/ingredium.ma\/?page_id=7107"},"modified":"2025-07-26T10:27:25","modified_gmt":"2025-07-26T10:27:25","slug":"saucesetcondiments","status":"publish","type":"page","link":"https:\/\/ingredium.ma\/en\/saucesetcondiments\/","title":{"rendered":"Sauces &amp; Condiments"},"content":{"rendered":"<div data-elementor-type=\"wp-page\" data-elementor-id=\"7107\" class=\"elementor elementor-7107\">\n\t\t\t\t<div class=\"elementor-element elementor-element-12b14c2 e-con-full e-flex e-con e-parent\" data-id=\"12b14c2\" data-element_type=\"container\" data-settings=\"{&quot;background_background&quot;:&quot;classic&quot;}\">\n\t\t\t\t<div class=\"elementor-element elementor-element-568d482 elementor-widget elementor-widget-ld_fancy_image\" data-id=\"568d482\" data-element_type=\"widget\" data-widget_type=\"ld_fancy_image.default\">\n\t\t\t\t<div class=\"elementor-widget-container\">\n\t\t\t\t\t\n\t\t<div class=\"lqd-imggrp-single d-block pos-rel\" data-shadow-style=\"1\" data-inview=\"true\" data-animate-shadow=\"true\">\n\t\t\t<div class=\"lqd-imggrp-img-container d-inline-flex pos-rel align-items-center justify-content-center\">\n\t\t\t\t\t\t\t\t<figure class=\"w-100 pos-rel\">\n\t\t\t\t\t<img fetchpriority=\"high\" decoding=\"async\" width=\"1000\" height=\"1500\" src=\"https:\/\/ingredium.ma\/wp-content\/uploads\/2025\/06\/Sans-titre-3.jpg\" class=\"attachment-full size-full wp-image-8043\" alt=\"\" srcset=\"https:\/\/ingredium.ma\/wp-content\/uploads\/2025\/06\/Sans-titre-3.jpg 1000w, https:\/\/ingredium.ma\/wp-content\/uploads\/2025\/06\/Sans-titre-3-200x300.jpg 200w, https:\/\/ingredium.ma\/wp-content\/uploads\/2025\/06\/Sans-titre-3-683x1024.jpg 683w\" sizes=\"(max-width: 1000px) 100vw, 1000px\" itemprop=\"image\" \/>\t\t\t\t\t\t\t\t\t\t\t\t\t\t\t\t\t\t\t\t\t\t\t\t\t\t\t\t\t<\/figure>\n\t\t\t<\/div>\n\t\t<\/div>\n\n\t\t\t\t\t<\/div>\n\t\t\t\t<\/div>\n\t\t<div data-custom-animations=\"true\" data-ca-options=\"{&quot;addChildTimelines&quot;:false,&quot;trigger&quot;:&quot;firstChild&quot;,&quot;animationTarget&quot;:&quot;:scope  &gt; .elementor-element:not(.lqd-exclude-parent-ca) &gt; .elementor-widget-container, :scope  &gt; .elementor-widget-hub_fancy_heading .lqd-split-lines .lqd-lines .split-inner, :scope  &gt; .elementor-widget-hub_fancy_heading .lqd-split-words .lqd-words .split-inner, :scope  &gt; .elementor-widget-hub_fancy_heading .lqd-split-chars .lqd-chars .split-inner, :scope  &gt; .elementor-widget-hub_fancy_heading .lqd-adv-txt-fig, :scope  &gt; .elementor-widget-ld_custom_menu .lqd-fancy-menu &gt; ul &gt; li, :scope .e-con:not([data-parallax]) .elementor-element &gt; .elementor-widget-container, :scope .e-con:not([data-parallax]) .elementor-widget-hub_fancy_heading .lqd-split-lines .lqd-lines .split-inner, :scope .e-con:not([data-parallax]) .elementor-widget-hub_fancy_heading .lqd-split-words .lqd-words .split-inner, :scope .e-con:not([data-parallax]) .elementor-widget-hub_fancy_heading .lqd-split-chars .lqd-chars .split-inner, :scope .e-con:not([data-parallax]) .elementor-widget-ld_custom_menu .lqd-fancy-menu &gt; ul &gt; li&quot;,&quot;ease&quot;:[&quot;power4.out&quot;],&quot;initValues&quot;:{&quot;y&quot;:&quot;40px&quot;,&quot;opacity&quot;:0,&quot;transformOrigin&quot;:&quot;50% 50% 0px&quot;},&quot;animations&quot;:{&quot;y&quot;:&quot;0px&quot;,&quot;opacity&quot;:1,&quot;transformOrigin&quot;:&quot;50% 50% 0px&quot;}}\" class=\"elementor-element elementor-element-3287e13 e-con-full e-flex e-con e-child\" data-id=\"3287e13\" data-element_type=\"container\">\n\t\t\t\t<div class=\"elementor-element elementor-element-b8a0d62 sub-heading elementor-widget elementor-widget-hub_fancy_heading\" data-id=\"b8a0d62\" data-element_type=\"widget\" data-widget_type=\"hub_fancy_heading.default\">\n\t\t\t\t<div class=\"elementor-widget-container\">\n\t\t\t\t\t\n\t\t<div id=\"ld-fancy-heading-69e4e0aa5053c\" class=\"ld-fancy-heading pos-rel\">\n\t\t\t<h6 class=\"ld-fh-element d-inline-block pos-rel  elementor-heading-title lqd-highlight-classic lqd-highlight-grow-left h6\"  > Applications<\/h6>\t\t<\/div>\n\n\t\t\t\t\t\t<\/div>\n\t\t\t\t<\/div>\n\t\t\t\t<div class=\"elementor-element elementor-element-2541f39 elementor-widget elementor-widget-spacer\" data-id=\"2541f39\" data-element_type=\"widget\" data-widget_type=\"spacer.default\">\n\t\t\t\t<div class=\"elementor-widget-container\">\n\t\t\t\t\t\t\t<div class=\"elementor-spacer\">\n\t\t\t<div class=\"elementor-spacer-inner\"><\/div>\n\t\t<\/div>\n\t\t\t\t\t\t<\/div>\n\t\t\t\t<\/div>\n\t\t\t\t<div class=\"elementor-element elementor-element-3142d02 elementor-mobile-align-left elementor-widget__width-auto elementor-widget elementor-widget-ld_button\" data-id=\"3142d02\" data-element_type=\"widget\" data-widget_type=\"ld_button.default\">\n\t\t\t\t<div class=\"elementor-widget-container\">\n\t\t\t\t\t\n\t\t\t<a\n\t\t\t\thref=\"https:\/\/ingredium.ma\/en\/applications\/\"class=\"elementor-button btn btn-solid btn-hover-txt-liquid-x-alt btn-sm btn-icon-right btn-hover-reveal btn-has-label\"\t\t\t>\n\t\t\t\t\t\t\t\t\t<span data-text=\"Retour aux applications\" class=\"btn-txt\" data-transition-delay=\"true\" data-delay-options=\"{&quot;elements&quot;: &quot;.lqd-chars&quot;, &quot;delayType&quot;: &quot;animation&quot;, &quot;startDelay&quot;: 0, &quot;delayBetween&quot;: 32.5, &quot;reverse&quot;: true}\" data-split-text=\"true\" data-split-options=\"{&quot;type&quot;: &quot;chars, words&quot;}\">\n\t\t\t\t\t\tBack to Applications\t\t\t\t\t<\/span>\n\t\t\t\t\t\t\t\t\t\t\t\t\t\t<span class=\"btn-icon\">\n\t\t\t\t\t\t\t<i aria-hidden=\"true\" class=\"lqd-icn-ess icon-md-arrow-back\"><\/i>\t\t\t\t\t\t<\/span>\n\t\t\t\t\t\t\t\t\t<\/a>\n\t\t\t\t\t\t\t<\/div>\n\t\t\t\t<\/div>\n\t\t\t\t<div class=\"elementor-element elementor-element-97b2840 elementor-widget elementor-widget-hub_fancy_heading\" data-id=\"97b2840\" data-element_type=\"widget\" data-widget_type=\"hub_fancy_heading.default\">\n\t\t\t\t<div class=\"elementor-widget-container\">\n\t\t\t\t\t\n\t\t<div id=\"ld-fancy-heading-69e4e0aa590ac\" class=\"ld-fancy-heading pos-rel\">\n\t\t\t<h2 class=\"ld-fh-element d-inline-block pos-rel  elementor-heading-title ld-gradient-heading lqd-highlight-custom lqd-highlight-custom-2 h2\"  > Sauces &amp; Condiments<\/h2>\t\t<\/div>\n\n\t\t\t\t\t\t<\/div>\n\t\t\t\t<\/div>\n\t\t\t\t<div class=\"elementor-element elementor-element-b077c43 elementor-widget elementor-widget-hub_fancy_heading\" data-id=\"b077c43\" data-element_type=\"widget\" data-widget_type=\"hub_fancy_heading.default\">\n\t\t\t\t<div class=\"elementor-widget-container\">\n\t\t\t\t\t\n\t\t<div id=\"ld-fancy-heading-69e4e0aa5939a\" class=\"ld-fancy-heading pos-rel\">\n\t\t\t<p class=\"ld-fh-element d-inline-block pos-rel  lqd-highlight-classic lqd-highlight-grow-left p\"  > We offer a comprehensive range of egg powders, stabilizers, and functional solutions for the formulation of sauces and condiments, designed for the food industry.<br>\nOur ingredients combine authentic taste, production stability, and easy integration into your processes. Leveraging our expertise, we also develop tailor-made recipes to support your product launches or range expansions.<br>\nOur offering includes ingredients for:<br>\n\u25cf\tMayonnaise<br>\n\n\u25cf\tMayonnaise-based sauces<br>\n\n\u25cf\tVarious sauces<br>\n\n\u25cf\tMustards<br>\n\n\u25cf\tKetchup<br>\n\n\u25cf\tSalad dressings<br>\n\u25cf\tFoodservice sauces<br>\n\nAnd many more solutions tailored to your development projects.<\/p>\t\t<\/div>\n\n\t\t\t\t\t\t<\/div>\n\t\t\t\t<\/div>\n\t\t\t\t<div class=\"elementor-element elementor-element-0c46c36 elementor-mobile-align-left elementor-widget__width-auto elementor-widget elementor-widget-ld_button\" data-id=\"0c46c36\" data-element_type=\"widget\" data-widget_type=\"ld_button.default\">\n\t\t\t\t<div class=\"elementor-widget-container\">\n\t\t\t\t\t\n\t\t\t<a\n\t\t\t\thref=\"https:\/\/ingredium.ma\/en\/contact\/\"class=\"elementor-button btn btn-solid btn-hover-txt-liquid-x-alt btn-lg btn-icon-right btn-hover-reveal btn-has-label\"\t\t\t>\n\t\t\t\t\t\t\t\t\t<span data-text=\"Contactez nous\" class=\"btn-txt\" data-transition-delay=\"true\" data-delay-options=\"{&quot;elements&quot;: &quot;.lqd-chars&quot;, &quot;delayType&quot;: &quot;animation&quot;, &quot;startDelay&quot;: 0, &quot;delayBetween&quot;: 32.5, &quot;reverse&quot;: true}\" data-split-text=\"true\" data-split-options=\"{&quot;type&quot;: &quot;chars, words&quot;}\">\n\t\t\t\t\t\tContact Us\t\t\t\t\t<\/span>\n\t\t\t\t\t\t\t\t\t\t\t\t\t\t<span class=\"btn-icon\">\n\t\t\t\t\t\t\t<i aria-hidden=\"true\" class=\"lqd-icn-ess icon-md-arrow-forward\"><\/i>\t\t\t\t\t\t<\/span>\n\t\t\t\t\t\t\t\t\t<\/a>\n\t\t\t\t\t\t\t<\/div>\n\t\t\t\t<\/div>\n\t\t\t\t<\/div>\n\t\t\t\t<\/div>\n\t\t\t\t<\/div>","protected":false},"excerpt":{"rendered":"<p>Applications Retour aux applications Sauces et condiments Nous proposons une gamme compl\u00e8te de poudres d&#8217;\u0153ufs, stabilisants et solutions fonctionnelles pour la formulation de sauces et condiments, con\u00e7ues pour l\u2019industrie agroalimentaire. Nos ingr\u00e9dients allient go\u00fbt authentique, stabilit\u00e9 en production et facilit\u00e9 d\u2019int\u00e9gration dans vos process. Gr\u00e2ce \u00e0 notre expertise, nous d\u00e9veloppons \u00e9galement des recettes sur mesure [&hellip;]<\/p>","protected":false},"author":1,"featured_media":0,"parent":0,"menu_order":0,"comment_status":"closed","ping_status":"closed","template":"","meta":{"footnotes":""},"class_list":["post-7107","page","type-page","status-publish","hentry"],"_links":{"self":[{"href":"https:\/\/ingredium.ma\/en\/wp-json\/wp\/v2\/pages\/7107","targetHints":{"allow":["GET"]}}],"collection":[{"href":"https:\/\/ingredium.ma\/en\/wp-json\/wp\/v2\/pages"}],"about":[{"href":"https:\/\/ingredium.ma\/en\/wp-json\/wp\/v2\/types\/page"}],"author":[{"embeddable":true,"href":"https:\/\/ingredium.ma\/en\/wp-json\/wp\/v2\/users\/1"}],"replies":[{"embeddable":true,"href":"https:\/\/ingredium.ma\/en\/wp-json\/wp\/v2\/comments?post=7107"}],"version-history":[{"count":35,"href":"https:\/\/ingredium.ma\/en\/wp-json\/wp\/v2\/pages\/7107\/revisions"}],"predecessor-version":[{"id":8579,"href":"https:\/\/ingredium.ma\/en\/wp-json\/wp\/v2\/pages\/7107\/revisions\/8579"}],"wp:attachment":[{"href":"https:\/\/ingredium.ma\/en\/wp-json\/wp\/v2\/media?parent=7107"}],"curies":[{"name":"wp","href":"https:\/\/api.w.org\/{rel}","templated":true}]}}