{"id":6955,"date":"2025-04-12T12:43:14","date_gmt":"2025-04-12T12:43:14","guid":{"rendered":"https:\/\/ingredium.ma\/?page_id=6955"},"modified":"2025-07-26T10:29:06","modified_gmt":"2025-07-26T10:29:06","slug":"produits-laitiers","status":"publish","type":"page","link":"https:\/\/ingredium.ma\/en\/produits-laitiers\/","title":{"rendered":"Dairy Products"},"content":{"rendered":"<div data-elementor-type=\"wp-page\" data-elementor-id=\"6955\" class=\"elementor elementor-6955\">\n\t\t\t\t<div class=\"elementor-element elementor-element-792d5d5 e-con-full e-flex e-con e-parent\" data-id=\"792d5d5\" data-element_type=\"container\" data-settings=\"{&quot;background_background&quot;:&quot;classic&quot;}\">\n\t\t\t\t<div class=\"elementor-element elementor-element-d775c3f elementor-widget elementor-widget-ld_fancy_image\" data-id=\"d775c3f\" data-element_type=\"widget\" data-widget_type=\"ld_fancy_image.default\">\n\t\t\t\t<div class=\"elementor-widget-container\">\n\t\t\t\t\t\n\t\t<div class=\"lqd-imggrp-single d-block pos-rel\" data-shadow-style=\"1\" data-inview=\"true\" data-animate-shadow=\"true\">\n\t\t\t<div class=\"lqd-imggrp-img-container d-inline-flex pos-rel align-items-center justify-content-center\">\n\t\t\t\t\t\t\t\t<figure class=\"w-100 pos-rel\">\n\t\t\t\t\t<img fetchpriority=\"high\" decoding=\"async\" width=\"1000\" height=\"1498\" src=\"https:\/\/ingredium.ma\/wp-content\/uploads\/2025\/04\/set-various-fresh-dairy-products.jpg\" class=\"attachment-full size-full wp-image-6737\" alt=\"\" srcset=\"https:\/\/ingredium.ma\/wp-content\/uploads\/2025\/04\/set-various-fresh-dairy-products.jpg 1000w, https:\/\/ingredium.ma\/wp-content\/uploads\/2025\/04\/set-various-fresh-dairy-products-200x300.jpg 200w, https:\/\/ingredium.ma\/wp-content\/uploads\/2025\/04\/set-various-fresh-dairy-products-684x1024.jpg 684w\" sizes=\"(max-width: 1000px) 100vw, 1000px\" itemprop=\"image\" \/>\t\t\t\t\t\t\t\t\t\t\t\t\t\t\t\t\t\t\t\t\t\t\t\t\t\t\t\t\t<\/figure>\n\t\t\t<\/div>\n\t\t<\/div>\n\n\t\t\t\t\t<\/div>\n\t\t\t\t<\/div>\n\t\t<div data-custom-animations=\"true\" data-ca-options=\"{&quot;addChildTimelines&quot;:false,&quot;trigger&quot;:&quot;firstChild&quot;,&quot;animationTarget&quot;:&quot;:scope  &gt; .elementor-element:not(.lqd-exclude-parent-ca) &gt; .elementor-widget-container, :scope  &gt; .elementor-widget-hub_fancy_heading .lqd-split-lines .lqd-lines .split-inner, :scope  &gt; .elementor-widget-hub_fancy_heading .lqd-split-words .lqd-words .split-inner, :scope  &gt; .elementor-widget-hub_fancy_heading .lqd-split-chars .lqd-chars .split-inner, :scope  &gt; .elementor-widget-hub_fancy_heading .lqd-adv-txt-fig, :scope  &gt; .elementor-widget-ld_custom_menu .lqd-fancy-menu &gt; ul &gt; li, :scope .e-con:not([data-parallax]) .elementor-element &gt; .elementor-widget-container, :scope .e-con:not([data-parallax]) .elementor-widget-hub_fancy_heading .lqd-split-lines .lqd-lines .split-inner, :scope .e-con:not([data-parallax]) .elementor-widget-hub_fancy_heading .lqd-split-words .lqd-words .split-inner, :scope .e-con:not([data-parallax]) .elementor-widget-hub_fancy_heading .lqd-split-chars .lqd-chars .split-inner, :scope .e-con:not([data-parallax]) .elementor-widget-ld_custom_menu .lqd-fancy-menu &gt; ul &gt; li&quot;,&quot;ease&quot;:[&quot;power4.out&quot;],&quot;initValues&quot;:{&quot;y&quot;:&quot;40px&quot;,&quot;opacity&quot;:0,&quot;transformOrigin&quot;:&quot;50% 50% 0px&quot;},&quot;animations&quot;:{&quot;y&quot;:&quot;0px&quot;,&quot;opacity&quot;:1,&quot;transformOrigin&quot;:&quot;50% 50% 0px&quot;}}\" class=\"elementor-element elementor-element-68e836e e-con-full e-flex e-con e-child\" data-id=\"68e836e\" data-element_type=\"container\">\n\t\t\t\t<div class=\"elementor-element elementor-element-90438d6 sub-heading elementor-widget elementor-widget-hub_fancy_heading\" data-id=\"90438d6\" data-element_type=\"widget\" data-widget_type=\"hub_fancy_heading.default\">\n\t\t\t\t<div class=\"elementor-widget-container\">\n\t\t\t\t\t\n\t\t<div id=\"ld-fancy-heading-69e4d9cfc3762\" class=\"ld-fancy-heading pos-rel\">\n\t\t\t<h6 class=\"ld-fh-element d-inline-block pos-rel  elementor-heading-title lqd-highlight-classic lqd-highlight-grow-left h6\"  > Applications<\/h6>\t\t<\/div>\n\n\t\t\t\t\t\t<\/div>\n\t\t\t\t<\/div>\n\t\t\t\t<div class=\"elementor-element elementor-element-bde51d2 elementor-widget elementor-widget-spacer\" data-id=\"bde51d2\" data-element_type=\"widget\" data-widget_type=\"spacer.default\">\n\t\t\t\t<div class=\"elementor-widget-container\">\n\t\t\t\t\t\t\t<div class=\"elementor-spacer\">\n\t\t\t<div class=\"elementor-spacer-inner\"><\/div>\n\t\t<\/div>\n\t\t\t\t\t\t<\/div>\n\t\t\t\t<\/div>\n\t\t\t\t<div class=\"elementor-element elementor-element-4467fdc elementor-mobile-align-left elementor-widget__width-auto elementor-widget elementor-widget-ld_button\" data-id=\"4467fdc\" data-element_type=\"widget\" data-widget_type=\"ld_button.default\">\n\t\t\t\t<div class=\"elementor-widget-container\">\n\t\t\t\t\t\n\t\t\t<a\n\t\t\t\thref=\"https:\/\/ingredium.ma\/en\/applications\/\"class=\"elementor-button btn btn-solid btn-hover-txt-liquid-x-alt btn-sm btn-icon-right btn-hover-reveal btn-has-label\"\t\t\t>\n\t\t\t\t\t\t\t\t\t<span data-text=\"Retour aux applications\" class=\"btn-txt\" data-transition-delay=\"true\" data-delay-options=\"{&quot;elements&quot;: &quot;.lqd-chars&quot;, &quot;delayType&quot;: &quot;animation&quot;, &quot;startDelay&quot;: 0, &quot;delayBetween&quot;: 32.5, &quot;reverse&quot;: true}\" data-split-text=\"true\" data-split-options=\"{&quot;type&quot;: &quot;chars, words&quot;}\">\n\t\t\t\t\t\tBack to Applications\t\t\t\t\t<\/span>\n\t\t\t\t\t\t\t\t\t\t\t\t\t\t<span class=\"btn-icon\">\n\t\t\t\t\t\t\t<i aria-hidden=\"true\" class=\"lqd-icn-ess icon-md-arrow-back\"><\/i>\t\t\t\t\t\t<\/span>\n\t\t\t\t\t\t\t\t\t<\/a>\n\t\t\t\t\t\t\t<\/div>\n\t\t\t\t<\/div>\n\t\t\t\t<div class=\"elementor-element elementor-element-d08a77f elementor-widget elementor-widget-hub_fancy_heading\" data-id=\"d08a77f\" data-element_type=\"widget\" data-widget_type=\"hub_fancy_heading.default\">\n\t\t\t\t<div class=\"elementor-widget-container\">\n\t\t\t\t\t\n\t\t<div id=\"ld-fancy-heading-69e4d9cfc6b22\" class=\"ld-fancy-heading pos-rel\">\n\t\t\t<h2 class=\"ld-fh-element d-inline-block pos-rel  elementor-heading-title ld-gradient-heading lqd-highlight-custom lqd-highlight-custom-2 h2\"  > Dairy Products<\/h2>\t\t<\/div>\n\n\t\t\t\t\t\t<\/div>\n\t\t\t\t<\/div>\n\t\t\t\t<div class=\"elementor-element elementor-element-b3823f5 elementor-widget elementor-widget-hub_fancy_heading\" data-id=\"b3823f5\" data-element_type=\"widget\" data-widget_type=\"hub_fancy_heading.default\">\n\t\t\t\t<div class=\"elementor-widget-container\">\n\t\t\t\t\t\n\t\t<div id=\"ld-fancy-heading-69e4d9cfc6d0d\" class=\"ld-fancy-heading pos-rel\">\n\t\t\t<p class=\"ld-fh-element d-inline-block pos-rel  lqd-highlight-classic lqd-highlight-grow-left p\"  > For over ten years, we have been supporting leaders in the industrial cheese and cream sector in Morocco, providing expert technical support and high-performance ingredients.<br>\nWe offer high-quality dairy ingredients and stabilizers, designed for manufacturers seeking reliable, flavorful, and innovative solutions. Our range covers needs for cheeses (spreadable, triangles, blocks, slices, pizza toppings, etc.), yogurts, dairy beverages, butters, various creams, dairy desserts, fillings, and snacks.<br>\nOur ingredients include:<br> \n\u25cf\tTexturizers <br>\n\n\u25cf\tHydrocolloid stabilizers<br>\n\n\u25cf\tStarches and modified starches <br>\n\n\u25cf\tDairy proteins<br> \n\n\u25cf\tEnzymes <br>\n\n\u25cf\tFlavors <br>\n\u25cf\tPlant-based proteins<br>\n\u25cf\tAnd more\u2026<br>\n\nAnd much more to enhance your dairy products.<\/p>\t\t<\/div>\n\n\t\t\t\t\t\t<\/div>\n\t\t\t\t<\/div>\n\t\t\t\t<div class=\"elementor-element elementor-element-b77cab9 elementor-mobile-align-left elementor-widget__width-auto elementor-widget elementor-widget-ld_button\" data-id=\"b77cab9\" data-element_type=\"widget\" data-widget_type=\"ld_button.default\">\n\t\t\t\t<div class=\"elementor-widget-container\">\n\t\t\t\t\t\n\t\t\t<a\n\t\t\t\thref=\"https:\/\/ingredium.ma\/en\/contact\/\"class=\"elementor-button btn btn-solid btn-hover-txt-liquid-x-alt btn-lg btn-icon-right btn-hover-reveal btn-has-label\"\t\t\t>\n\t\t\t\t\t\t\t\t\t<span data-text=\"Contactez nous\" class=\"btn-txt\" data-transition-delay=\"true\" data-delay-options=\"{&quot;elements&quot;: &quot;.lqd-chars&quot;, &quot;delayType&quot;: &quot;animation&quot;, &quot;startDelay&quot;: 0, &quot;delayBetween&quot;: 32.5, &quot;reverse&quot;: true}\" data-split-text=\"true\" data-split-options=\"{&quot;type&quot;: &quot;chars, words&quot;}\">\n\t\t\t\t\t\tContact Us\t\t\t\t\t<\/span>\n\t\t\t\t\t\t\t\t\t\t\t\t\t\t<span class=\"btn-icon\">\n\t\t\t\t\t\t\t<i aria-hidden=\"true\" class=\"lqd-icn-ess icon-md-arrow-forward\"><\/i>\t\t\t\t\t\t<\/span>\n\t\t\t\t\t\t\t\t\t<\/a>\n\t\t\t\t\t\t\t<\/div>\n\t\t\t\t<\/div>\n\t\t\t\t<\/div>\n\t\t\t\t<\/div>\n\t\t\t\t<\/div>","protected":false},"excerpt":{"rendered":"<p>Applications Retour aux applications Produits laitiers Depuis plus de dix ans, nous accompagnons les leaders de la fromagerie industrielle et des cr\u00e8mes au Maroc, en leur fournissant un support technique expert et des ingr\u00e9dients performants. Nous proposons des ingr\u00e9dients laitiers et stabilisants de haute qualit\u00e9, adapt\u00e9s aux industriels recherchant des solutions fiables, savoureuses et innovantes. [&hellip;]<\/p>","protected":false},"author":1,"featured_media":0,"parent":0,"menu_order":0,"comment_status":"closed","ping_status":"closed","template":"","meta":{"footnotes":""},"class_list":["post-6955","page","type-page","status-publish","hentry"],"_links":{"self":[{"href":"https:\/\/ingredium.ma\/en\/wp-json\/wp\/v2\/pages\/6955","targetHints":{"allow":["GET"]}}],"collection":[{"href":"https:\/\/ingredium.ma\/en\/wp-json\/wp\/v2\/pages"}],"about":[{"href":"https:\/\/ingredium.ma\/en\/wp-json\/wp\/v2\/types\/page"}],"author":[{"embeddable":true,"href":"https:\/\/ingredium.ma\/en\/wp-json\/wp\/v2\/users\/1"}],"replies":[{"embeddable":true,"href":"https:\/\/ingredium.ma\/en\/wp-json\/wp\/v2\/comments?post=6955"}],"version-history":[{"count":31,"href":"https:\/\/ingredium.ma\/en\/wp-json\/wp\/v2\/pages\/6955\/revisions"}],"predecessor-version":[{"id":8582,"href":"https:\/\/ingredium.ma\/en\/wp-json\/wp\/v2\/pages\/6955\/revisions\/8582"}],"wp:attachment":[{"href":"https:\/\/ingredium.ma\/en\/wp-json\/wp\/v2\/media?parent=6955"}],"curies":[{"name":"wp","href":"https:\/\/api.w.org\/{rel}","templated":true}]}}