{"id":6926,"date":"2025-04-12T12:25:52","date_gmt":"2025-04-12T12:25:52","guid":{"rendered":"https:\/\/ingredium.ma\/?page_id=6926"},"modified":"2025-07-26T10:31:55","modified_gmt":"2025-07-26T10:31:55","slug":"boulangerie-industrielle","status":"publish","type":"page","link":"https:\/\/ingredium.ma\/en\/boulangerie-industrielle\/","title":{"rendered":"Boulangerie industrielle"},"content":{"rendered":"<div data-elementor-type=\"wp-page\" data-elementor-id=\"6926\" class=\"elementor elementor-6926\">\n\t\t\t\t<div class=\"elementor-element elementor-element-2fc73b16 e-con-full e-flex e-con e-parent\" data-id=\"2fc73b16\" data-element_type=\"container\" data-settings=\"{&quot;background_background&quot;:&quot;classic&quot;}\">\n\t\t\t\t<div class=\"elementor-element elementor-element-73a085f8 elementor-widget elementor-widget-ld_fancy_image\" data-id=\"73a085f8\" data-element_type=\"widget\" data-widget_type=\"ld_fancy_image.default\">\n\t\t\t\t<div class=\"elementor-widget-container\">\n\t\t\t\t\t\n\t\t<div class=\"lqd-imggrp-single d-block pos-rel\" data-shadow-style=\"1\" data-inview=\"true\" data-animate-shadow=\"true\">\n\t\t\t<div class=\"lqd-imggrp-img-container d-inline-flex pos-rel align-items-center justify-content-center\">\n\t\t\t\t\t\t\t\t<figure class=\"w-100 pos-rel\">\n\t\t\t\t\t<img fetchpriority=\"high\" decoding=\"async\" width=\"1000\" height=\"1500\" src=\"https:\/\/ingredium.ma\/wp-content\/uploads\/2025\/06\/Sans-titre-2.jpg\" class=\"attachment-full size-full wp-image-8035\" alt=\"\" srcset=\"https:\/\/ingredium.ma\/wp-content\/uploads\/2025\/06\/Sans-titre-2.jpg 1000w, https:\/\/ingredium.ma\/wp-content\/uploads\/2025\/06\/Sans-titre-2-200x300.jpg 200w, https:\/\/ingredium.ma\/wp-content\/uploads\/2025\/06\/Sans-titre-2-683x1024.jpg 683w\" sizes=\"(max-width: 1000px) 100vw, 1000px\" itemprop=\"image\" \/>\t\t\t\t\t\t\t\t\t\t\t\t\t\t\t\t\t\t\t\t\t\t\t\t\t\t\t\t\t<\/figure>\n\t\t\t<\/div>\n\t\t<\/div>\n\n\t\t\t\t\t<\/div>\n\t\t\t\t<\/div>\n\t\t<div data-custom-animations=\"true\" data-ca-options=\"{&quot;addChildTimelines&quot;:false,&quot;trigger&quot;:&quot;firstChild&quot;,&quot;animationTarget&quot;:&quot;:scope  &gt; .elementor-element:not(.lqd-exclude-parent-ca) &gt; .elementor-widget-container, :scope  &gt; .elementor-widget-hub_fancy_heading .lqd-split-lines .lqd-lines .split-inner, :scope  &gt; .elementor-widget-hub_fancy_heading .lqd-split-words .lqd-words .split-inner, :scope  &gt; .elementor-widget-hub_fancy_heading .lqd-split-chars .lqd-chars .split-inner, :scope  &gt; .elementor-widget-hub_fancy_heading .lqd-adv-txt-fig, :scope  &gt; .elementor-widget-ld_custom_menu .lqd-fancy-menu &gt; ul &gt; li, :scope .e-con:not([data-parallax]) .elementor-element &gt; .elementor-widget-container, :scope .e-con:not([data-parallax]) .elementor-widget-hub_fancy_heading .lqd-split-lines .lqd-lines .split-inner, :scope .e-con:not([data-parallax]) .elementor-widget-hub_fancy_heading .lqd-split-words .lqd-words .split-inner, :scope .e-con:not([data-parallax]) .elementor-widget-hub_fancy_heading .lqd-split-chars .lqd-chars .split-inner, :scope .e-con:not([data-parallax]) .elementor-widget-ld_custom_menu .lqd-fancy-menu &gt; ul &gt; li&quot;,&quot;ease&quot;:[&quot;power4.out&quot;],&quot;initValues&quot;:{&quot;y&quot;:&quot;40px&quot;,&quot;opacity&quot;:0,&quot;transformOrigin&quot;:&quot;50% 50% 0px&quot;},&quot;animations&quot;:{&quot;y&quot;:&quot;0px&quot;,&quot;opacity&quot;:1,&quot;transformOrigin&quot;:&quot;50% 50% 0px&quot;}}\" class=\"elementor-element elementor-element-4ef6980d e-con-full e-flex e-con e-child\" data-id=\"4ef6980d\" data-element_type=\"container\">\n\t\t\t\t<div class=\"elementor-element elementor-element-7b1267a sub-heading elementor-widget elementor-widget-hub_fancy_heading\" data-id=\"7b1267a\" data-element_type=\"widget\" data-widget_type=\"hub_fancy_heading.default\">\n\t\t\t\t<div class=\"elementor-widget-container\">\n\t\t\t\t\t\n\t\t<div id=\"ld-fancy-heading-69e754f67b4af\" class=\"ld-fancy-heading pos-rel\">\n\t\t\t<h6 class=\"ld-fh-element d-inline-block pos-rel  elementor-heading-title lqd-highlight-classic lqd-highlight-grow-left h6\"  > Applications<\/h6>\t\t<\/div>\n\n\t\t\t\t\t\t<\/div>\n\t\t\t\t<\/div>\n\t\t\t\t<div class=\"elementor-element elementor-element-5d099884 elementor-widget elementor-widget-spacer\" data-id=\"5d099884\" data-element_type=\"widget\" data-widget_type=\"spacer.default\">\n\t\t\t\t<div class=\"elementor-widget-container\">\n\t\t\t\t\t\t\t<div class=\"elementor-spacer\">\n\t\t\t<div class=\"elementor-spacer-inner\"><\/div>\n\t\t<\/div>\n\t\t\t\t\t\t<\/div>\n\t\t\t\t<\/div>\n\t\t\t\t<div class=\"elementor-element elementor-element-2925d4c elementor-mobile-align-left elementor-widget__width-auto elementor-widget elementor-widget-ld_button\" data-id=\"2925d4c\" data-element_type=\"widget\" data-widget_type=\"ld_button.default\">\n\t\t\t\t<div class=\"elementor-widget-container\">\n\t\t\t\t\t\n\t\t\t<a\n\t\t\t\thref=\"https:\/\/ingredium.ma\/en\/applications\/\"class=\"elementor-button btn btn-solid btn-hover-txt-liquid-x-alt btn-sm btn-icon-right btn-hover-reveal btn-has-label\"\t\t\t>\n\t\t\t\t\t\t\t\t\t<span data-text=\"Retour aux applications\" class=\"btn-txt\" data-transition-delay=\"true\" data-delay-options=\"{&quot;elements&quot;: &quot;.lqd-chars&quot;, &quot;delayType&quot;: &quot;animation&quot;, &quot;startDelay&quot;: 0, &quot;delayBetween&quot;: 32.5, &quot;reverse&quot;: true}\" data-split-text=\"true\" data-split-options=\"{&quot;type&quot;: &quot;chars, words&quot;}\">\n\t\t\t\t\t\tBack to Applications\t\t\t\t\t<\/span>\n\t\t\t\t\t\t\t\t\t\t\t\t\t\t<span class=\"btn-icon\">\n\t\t\t\t\t\t\t<i aria-hidden=\"true\" class=\"lqd-icn-ess icon-md-arrow-back\"><\/i>\t\t\t\t\t\t<\/span>\n\t\t\t\t\t\t\t\t\t<\/a>\n\t\t\t\t\t\t\t<\/div>\n\t\t\t\t<\/div>\n\t\t\t\t<div class=\"elementor-element elementor-element-1a057481 elementor-widget elementor-widget-hub_fancy_heading\" data-id=\"1a057481\" data-element_type=\"widget\" data-widget_type=\"hub_fancy_heading.default\">\n\t\t\t\t<div class=\"elementor-widget-container\">\n\t\t\t\t\t\n\t\t<div id=\"ld-fancy-heading-69e754f6848c5\" class=\"ld-fancy-heading pos-rel\">\n\t\t\t<h2 class=\"ld-fh-element d-inline-block pos-rel  elementor-heading-title ld-gradient-heading lqd-highlight-custom lqd-highlight-custom-2 h2\"  > Industrial Bakery<\/h2>\t\t<\/div>\n\n\t\t\t\t\t\t<\/div>\n\t\t\t\t<\/div>\n\t\t\t\t<div class=\"elementor-element elementor-element-4eb881e7 elementor-widget elementor-widget-hub_fancy_heading\" data-id=\"4eb881e7\" data-element_type=\"widget\" data-widget_type=\"hub_fancy_heading.default\">\n\t\t\t\t<div class=\"elementor-widget-container\">\n\t\t\t\t\t\n\t\t<div id=\"ld-fancy-heading-69e754f684a9d\" class=\"ld-fancy-heading pos-rel\">\n\t\t\t<p class=\"ld-fh-element d-inline-block pos-rel  lqd-highlight-classic lqd-highlight-grow-left p\"  > For over ten years, we have been supporting the leaders of the industrial bakery and madeleine sector in Morocco by providing high-performance ingredients and dedicated technical support both on-site and in pilot labs.<br>\nTailored to the specific requirements of local production lines, we work hand in hand with our clients, from defining specifications to recipe adjustments, machine settings, and more, ensuring optimal results.<br>\nWe offer ingredients for: <br>\n\u25cf\tInverted sugar syrup \u2013 Fructose glucose<br>\n\n\u25cf\tEgg optimization or replacement<br>\n\n\u25cf\tSugar reduction &amp; substitution<br>\n\n\u25cf\tMetabisulfite replacement<br>\n\n\u25cf\tWafer improvement<br>\n\n\u25cf\tSweet flavors<br>\n\n\u25cf\tDairy preparations<br>\n\n\u25cf\tEnzymes and freshness enzymes and much more to meet all your requirements<\/p>\t\t<\/div>\n\n\t\t\t\t\t\t<\/div>\n\t\t\t\t<\/div>\n\t\t\t\t<div class=\"elementor-element elementor-element-f3623e2 elementor-mobile-align-left elementor-widget__width-auto elementor-widget elementor-widget-ld_button\" data-id=\"f3623e2\" data-element_type=\"widget\" data-widget_type=\"ld_button.default\">\n\t\t\t\t<div class=\"elementor-widget-container\">\n\t\t\t\t\t\n\t\t\t<a\n\t\t\t\thref=\"https:\/\/ingredium.ma\/en\/contact\/\"class=\"elementor-button btn btn-solid btn-hover-txt-liquid-x-alt btn-lg btn-icon-right btn-hover-reveal btn-has-label\"\t\t\t>\n\t\t\t\t\t\t\t\t\t<span data-text=\"Contactez nous\" class=\"btn-txt\" data-transition-delay=\"true\" data-delay-options=\"{&quot;elements&quot;: &quot;.lqd-chars&quot;, &quot;delayType&quot;: &quot;animation&quot;, &quot;startDelay&quot;: 0, &quot;delayBetween&quot;: 32.5, &quot;reverse&quot;: true}\" data-split-text=\"true\" data-split-options=\"{&quot;type&quot;: &quot;chars, words&quot;}\">\n\t\t\t\t\t\tContact Us\t\t\t\t\t<\/span>\n\t\t\t\t\t\t\t\t\t\t\t\t\t\t<span class=\"btn-icon\">\n\t\t\t\t\t\t\t<i aria-hidden=\"true\" class=\"lqd-icn-ess icon-md-arrow-forward\"><\/i>\t\t\t\t\t\t<\/span>\n\t\t\t\t\t\t\t\t\t<\/a>\n\t\t\t\t\t\t\t<\/div>\n\t\t\t\t<\/div>\n\t\t\t\t<\/div>\n\t\t\t\t<\/div>\n\t\t\t\t<\/div>","protected":false},"excerpt":{"rendered":"<p>Applications Retour aux applications Biscuiterie industrielle Depuis plus de dix ans, nous accompagnons les leaders de la biscuiterie industrielle et des madeleines au Maroc, en leur fournissant des ingr\u00e9dients performants et un support technique d\u00e9di\u00e9 sur cite et en Labo Pilot. Adapt\u00e9s aux exigences sp\u00e9cifiques des lignes de production locales, nous travaillons main dans la [&hellip;]<\/p>","protected":false},"author":1,"featured_media":0,"parent":0,"menu_order":0,"comment_status":"closed","ping_status":"closed","template":"","meta":{"footnotes":""},"class_list":["post-6926","page","type-page","status-publish","hentry"],"_links":{"self":[{"href":"https:\/\/ingredium.ma\/en\/wp-json\/wp\/v2\/pages\/6926","targetHints":{"allow":["GET"]}}],"collection":[{"href":"https:\/\/ingredium.ma\/en\/wp-json\/wp\/v2\/pages"}],"about":[{"href":"https:\/\/ingredium.ma\/en\/wp-json\/wp\/v2\/types\/page"}],"author":[{"embeddable":true,"href":"https:\/\/ingredium.ma\/en\/wp-json\/wp\/v2\/users\/1"}],"replies":[{"embeddable":true,"href":"https:\/\/ingredium.ma\/en\/wp-json\/wp\/v2\/comments?post=6926"}],"version-history":[{"count":100,"href":"https:\/\/ingredium.ma\/en\/wp-json\/wp\/v2\/pages\/6926\/revisions"}],"predecessor-version":[{"id":8591,"href":"https:\/\/ingredium.ma\/en\/wp-json\/wp\/v2\/pages\/6926\/revisions\/8591"}],"wp:attachment":[{"href":"https:\/\/ingredium.ma\/en\/wp-json\/wp\/v2\/media?parent=6926"}],"curies":[{"name":"wp","href":"https:\/\/api.w.org\/{rel}","templated":true}]}}